{"id":160,"date":"2023-01-20T11:15:16","date_gmt":"2023-01-20T11:15:16","guid":{"rendered":"https:\/\/recht-und-technik.com\/?page_id=160"},"modified":"2024-07-07T15:02:37","modified_gmt":"2024-07-07T15:02:37","slug":"impressum","status":"publish","type":"page","link":"https:\/\/recht-und-technik.com\/en\/impressum","title":{"rendered":"Impressum"},"content":{"rendered":"<div data-elementor-type=\"wp-page\" data-elementor-id=\"160\" class=\"elementor elementor-160\">\n\t\t\t\t\t\t<section class=\"elementor-section elementor-top-section elementor-element elementor-element-4caf4e1 elementor-section-boxed elementor-section-height-default elementor-section-height-default\" data-id=\"4caf4e1\" data-element_type=\"section\" data-e-type=\"section\" data-settings=\"{&quot;background_background&quot;:&quot;classic&quot;}\">\n\t\t\t\t\t\t\t<div class=\"elementor-background-overlay\"><\/div>\n\t\t\t\t\t\t\t<div class=\"elementor-container elementor-column-gap-default\">\n\t\t\t\t\t<div class=\"elementor-column elementor-col-100 elementor-top-column elementor-element elementor-element-ad0ae3f\" data-id=\"ad0ae3f\" data-element_type=\"column\" data-e-type=\"column\">\n\t\t\t<div class=\"elementor-widget-wrap elementor-element-populated\">\n\t\t\t\t\t\t<div class=\"elementor-element elementor-element-a0a0a48 elementor-widget elementor-widget-heading\" data-id=\"a0a0a48\" data-element_type=\"widget\" data-e-type=\"widget\" data-widget_type=\"heading.default\">\n\t\t\t\t<div class=\"elementor-widget-container\">\n\t\t\t\t\t<h1 class=\"elementor-heading-title elementor-size-default\">Impressum<\/h1>\t\t\t\t<\/div>\n\t\t\t\t<\/div>\n\t\t\t\t\t<\/div>\n\t\t<\/div>\n\t\t\t\t\t<\/div>\n\t\t<\/section>\n\t\t\t\t<section class=\"elementor-section elementor-top-section elementor-element elementor-element-378b892 elementor-section-boxed elementor-section-height-default elementor-section-height-default\" data-id=\"378b892\" data-element_type=\"section\" data-e-type=\"section\" data-settings=\"{&quot;background_background&quot;:&quot;classic&quot;}\">\n\t\t\t\t\t\t<div class=\"elementor-container elementor-column-gap-default\">\n\t\t\t\t\t<div class=\"elementor-column elementor-col-100 elementor-top-column elementor-element elementor-element-4570815\" data-id=\"4570815\" data-element_type=\"column\" data-e-type=\"column\">\n\t\t\t<div class=\"elementor-widget-wrap elementor-element-populated\">\n\t\t\t\t\t\t<div class=\"elementor-element elementor-element-714e3a0 elementor-widget elementor-widget-spacer\" data-id=\"714e3a0\" data-element_type=\"widget\" data-e-type=\"widget\" data-widget_type=\"spacer.default\">\n\t\t\t\t<div class=\"elementor-widget-container\">\n\t\t\t\t\t\t\t<div class=\"elementor-spacer\">\n\t\t\t<div class=\"elementor-spacer-inner\"><\/div>\n\t\t<\/div>\n\t\t\t\t\t\t<\/div>\n\t\t\t\t<\/div>\n\t\t\t\t\t<\/div>\n\t\t<\/div>\n\t\t\t\t\t<\/div>\n\t\t<\/section>\n\t\t\t\t<section class=\"elementor-section elementor-top-section elementor-element elementor-element-aae6cf4 elementor-section-boxed elementor-section-height-default elementor-section-height-default\" data-id=\"aae6cf4\" data-element_type=\"section\" data-e-type=\"section\" data-settings=\"{&quot;background_background&quot;:&quot;classic&quot;}\">\n\t\t\t\t\t\t<div class=\"elementor-container elementor-column-gap-default\">\n\t\t\t\t\t<div class=\"elementor-column elementor-col-100 elementor-top-column elementor-element elementor-element-4a4cb2e\" data-id=\"4a4cb2e\" data-element_type=\"column\" data-e-type=\"column\" data-settings=\"{&quot;background_background&quot;:&quot;classic&quot;}\">\n\t\t\t<div class=\"elementor-widget-wrap elementor-element-populated\">\n\t\t\t\t\t\t<div class=\"elementor-element elementor-element-fc097d6 elementor-widget elementor-widget-text-editor\" data-id=\"fc097d6\" data-element_type=\"widget\" data-e-type=\"widget\" data-widget_type=\"text-editor.default\">\n\t\t\t\t<div class=\"elementor-widget-container\">\n\t\t\t\t\t\t\t\t\t<p><strong>Verantwortlich f\u00fcr den Inhalt dieser Seiten ist:<\/strong><\/p><p>Rechtsanwalt Dr. Kurt Fuchs<\/p><p>D\u00fcppelstra\u00dfe 13<\/p><p>50679 K\u00f6ln<\/p><p>Telefon: 0221\/39982-10<\/p><p>Fax: 0221\/39982-20<\/p><p>e-mail: kurt.fuchs@recht-und-technik.com<\/p><p>F\u00fcr die berufliche T\u00e4tigkeit von Rechtsanw\u00e4lten sind folgende Gesetze und untergesetzliche Regelungen ma\u00dfgebend:<\/p><p>\u25cf Bundesrechtsanwaltsordnung (BRAO)<br \/>\u25cf Berufsordnung f\u00fcr Rechtsanw\u00e4lte (BORA)<br \/>\u25cf Rechtsanwaltsverg\u00fctungsgesetz (RVG)<br \/>Die jeweils aktuelle Fassung dieser Vorschriften kann auf der Seite der Bundesrechtsanwaltskammer unter<br \/>www.brak.de heruntergeladen werden. Zust\u00e4ndig f\u00fcr die \u00dcberwachung der Einhaltung dieser Vorschriften sind die<br \/>Rechtsanwaltskammern. F\u00fcr den Betreiber dieser Seiten ist dies die Rechtsanwaltskammer K\u00f6ln, Riehler Stra\u00dfe 30<br \/>,<br \/>50670 K\u00f6ln (www.rak-koeln.de)<\/p>\t\t\t\t\t\t\t\t<\/div>\n\t\t\t\t<\/div>\n\t\t\t\t\t<\/div>\n\t\t<\/div>\n\t\t\t\t\t<\/div>\n\t\t<\/section>\n\t\t\t\t<section class=\"elementor-section elementor-top-section elementor-element elementor-element-e31c8dc elementor-section-boxed elementor-section-height-default elementor-section-height-default\" data-id=\"e31c8dc\" data-element_type=\"section\" data-e-type=\"section\" data-settings=\"{&quot;background_background&quot;:&quot;classic&quot;}\">\n\t\t\t\t\t\t<div class=\"elementor-container elementor-column-gap-default\">\n\t\t\t\t\t<div class=\"elementor-column elementor-col-100 elementor-top-column elementor-element elementor-element-f34e72c\" data-id=\"f34e72c\" data-element_type=\"column\" data-e-type=\"column\">\n\t\t\t<div class=\"elementor-widget-wrap elementor-element-populated\">\n\t\t\t\t\t\t<div class=\"elementor-element elementor-element-619c7ce elementor-widget elementor-widget-spacer\" data-id=\"619c7ce\" data-element_type=\"widget\" data-e-type=\"widget\" data-widget_type=\"spacer.default\">\n\t\t\t\t<div class=\"elementor-widget-container\">\n\t\t\t\t\t\t\t<div class=\"elementor-spacer\">\n\t\t\t<div class=\"elementor-spacer-inner\"><\/div>\n\t\t<\/div>\n\t\t\t\t\t\t<\/div>\n\t\t\t\t<\/div>\n\t\t\t\t\t<\/div>\n\t\t<\/div>\n\t\t\t\t\t<\/div>\n\t\t<\/section>\n\t\t\t\t<\/div>","protected":false},"excerpt":{"rendered":"<p>Impressum Verantwortlich f\u00fcr den Inhalt dieser Seiten ist: Rechtsanwalt Dr. Kurt Fuchs D\u00fcppelstra\u00dfe 13 50679 K\u00f6ln Telefon: 0221\/39982-10 Fax: 0221\/39982-20 e-mail: kurt.fuchs@recht-und-technik.com F\u00fcr die berufliche T\u00e4tigkeit von Rechtsanw\u00e4lten sind folgende Gesetze und untergesetzliche Regelungen ma\u00dfgebend: \u25cf Bundesrechtsanwaltsordnung (BRAO)\u25cf Berufsordnung f\u00fcr Rechtsanw\u00e4lte (BORA)\u25cf Rechtsanwaltsverg\u00fctungsgesetz (RVG)Die jeweils aktuelle Fassung dieser Vorschriften kann auf der Seite der Bundesrechtsanwaltskammer [&hellip;]<\/p>\n","protected":false},"author":1,"featured_media":0,"parent":0,"menu_order":0,"comment_status":"closed","ping_status":"closed","template":"","meta":{"site-sidebar-layout":"no-sidebar","site-content-layout":"page-builder","ast-site-content-layout":"full-width-container","site-content-style":"unboxed","site-sidebar-style":"unboxed","ast-global-header-display":"","ast-banner-title-visibility":"","ast-main-header-display":"","ast-hfb-above-header-display":"","ast-hfb-below-header-display":"","ast-hfb-mobile-header-display":"","site-post-title":"disabled","ast-breadcrumbs-content":"","ast-featured-img":"disabled","footer-sml-layout":"","ast-disable-related-posts":"","theme-transparent-header-meta":"","adv-header-id-meta":"","stick-header-meta":"","header-above-stick-meta":"","header-main-stick-meta":"","header-below-stick-meta":"","astra-migrate-meta-layouts":"set","ast-page-background-enabled":"default","ast-page-background-meta":{"desktop":{"background-color":"var(--ast-global-color-4)","background-image":"","background-repeat":"repeat","background-position":"center center","background-size":"auto","background-attachment":"scroll","background-type":"","background-media":"","overlay-type":"","overlay-color":"","overlay-opacity":"","overlay-gradient":""},"tablet":{"background-color":"","background-image":"","background-repeat":"repeat","background-position":"center center","background-size":"auto","background-attachment":"scroll","background-type":"","background-media":"","overlay-type":"","overlay-color":"","overlay-opacity":"","overlay-gradient":""},"mobile":{"background-color":"","background-image":"","background-repeat":"repeat","background-position":"center center","background-size":"auto","background-attachment":"scroll","background-type":"","background-media":"","overlay-type":"","overlay-color":"","overlay-opacity":"","overlay-gradient":""}},"ast-content-background-meta":{"desktop":{"background-color":"var(--ast-global-color-5)","background-image":"","background-repeat":"repeat","background-position":"center center","background-size":"auto","background-attachment":"scroll","background-type":"","background-media":"","overlay-type":"","overlay-color":"","overlay-opacity":"","overlay-gradient":""},"tablet":{"background-color":"var(--ast-global-color-5)","background-image":"","background-repeat":"repeat","background-position":"center center","background-size":"auto","background-attachment":"scroll","background-type":"","background-media":"","overlay-type":"","overlay-color":"","overlay-opacity":"","overlay-gradient":""},"mobile":{"background-color":"var(--ast-global-color-5)","background-image":"","background-repeat":"repeat","background-position":"center center","background-size":"auto","background-attachment":"scroll","background-type":"","background-media":"","overlay-type":"","overlay-color":"","overlay-opacity":"","overlay-gradient":""}},"footnotes":""},"class_list":["post-160","page","type-page","status-publish","hentry"],"_links":{"self":[{"href":"https:\/\/recht-und-technik.com\/en\/wp-json\/wp\/v2\/pages\/160","targetHints":{"allow":["GET"]}}],"collection":[{"href":"https:\/\/recht-und-technik.com\/en\/wp-json\/wp\/v2\/pages"}],"about":[{"href":"https:\/\/recht-und-technik.com\/en\/wp-json\/wp\/v2\/types\/page"}],"author":[{"embeddable":true,"href":"https:\/\/recht-und-technik.com\/en\/wp-json\/wp\/v2\/users\/1"}],"replies":[{"embeddable":true,"href":"https:\/\/recht-und-technik.com\/en\/wp-json\/wp\/v2\/comments?post=160"}],"version-history":[{"count":29,"href":"https:\/\/recht-und-technik.com\/en\/wp-json\/wp\/v2\/pages\/160\/revisions"}],"predecessor-version":[{"id":429,"href":"https:\/\/recht-und-technik.com\/en\/wp-json\/wp\/v2\/pages\/160\/revisions\/429"}],"wp:attachment":[{"href":"https:\/\/recht-und-technik.com\/en\/wp-json\/wp\/v2\/media?parent=160"}],"curies":[{"name":"wp","href":"https:\/\/api.w.org\/{rel}","templated":true}]}}